{"id":246,"date":"2025-01-11T17:24:17","date_gmt":"2025-01-11T23:24:17","guid":{"rendered":"https:\/\/sargassummonitoring.org\/?post_type=product&#038;p=246"},"modified":"2025-02-18T16:06:06","modified_gmt":"2025-02-18T22:06:06","slug":"fund-smart-tools-for-sargassum-monitoring","status":"publish","type":"product","link":"https:\/\/sargassummonitoring.org\/fr\/produit\/fund-smart-tools-for-sargassum-monitoring\/","title":{"rendered":"Financement d'outils intelligents pour la surveillance des sargasses"},"content":{"rendered":"<p>La surveillance des sargasses est essentielle \u00e0 la protection de nos communaut\u00e9s et \u00e9cosyst\u00e8mes c\u00f4tiers. Les images satellites sont souvent limit\u00e9es par les nuages et les reflets de l'eau, ce qui laisse des lacunes dans nos donn\u00e9es. C'est pourquoi Sargassum Monitoring, le leader mondial de la science citoyenne pour les sargasses, lance une initiative essentielle pour am\u00e9liorer nos capacit\u00e9s de surveillance.<\/p>\n<p><strong>Votre don fait la diff\u00e9rence<\/strong><\/p>\n<p>Avec votre soutien, nous pouvons :<br \/>\n\u2022 D\u00e9ployer des webcams \u00e0 haute r\u00e9solution pour \u00e9tendre nos zones de surveillance dans les 43 pays touch\u00e9s.<br \/>\n\u2022 D\u00e9velopper notre SargApp, qui permet aux utilisateurs de signaler les invasions de sargasses directement sur une carte interactive.<br \/>\n\u2022 Cr\u00e9er des outils d'intelligence artificielle pour analyser le volume et la qualit\u00e9 des sargasses sur la base d'images envoy\u00e9es par les utilisateurs via SargApp.<br \/>\n\u2022 Acqu\u00e9rir des drones pour prendre des images des zones difficiles d'acc\u00e8s.<\/p>\n<p><strong>Pourquoi votre soutien est urgent<\/strong><br \/>\nActuellement, notre capacit\u00e9 \u00e0 lutter contre l'invasion des sargasses est entrav\u00e9e par le manque d'images de haute qualit\u00e9. Votre don nous permettra de d\u00e9velopper des outils de pr\u00e9vision fiables, transformant ainsi la fa\u00e7on dont nous abordons ce d\u00e9fi croissant.<\/p>\n<p><strong>L'impact direct de votre contribution<\/strong><\/p>\n<p>Votre don permet de soutenir directement<br \/>\n\u2022 Installation strat\u00e9gique de webcams et d\u00e9ploiement de drones pour une surveillance en temps r\u00e9el.<br \/>\n\u2022 Conception et lancement de SargApp, une application mobile r\u00e9volutionnaire de science citoyenne.<br \/>\n\u2022 L'entretien et la mise \u00e0 jour continus de notre \u00e9quipement afin de garantir des donn\u00e9es pr\u00e9cises et actualis\u00e9es.<br \/>\nEn soutenant ces initiatives, vous ne vous contentez pas de financer une technologie, vous donnez les moyens \u00e0 un mouvement mondial de prot\u00e9ger nos c\u00f4tes gr\u00e2ce \u00e0 des solutions concr\u00e8tes et en temps r\u00e9el.<\/p>\n<p><strong>Rejoignez-nous dans cette r\u00e9volution<\/strong><br \/>\nFaites un don aujourd'hui pour cr\u00e9er un impact durable !<\/p>","protected":false},"excerpt":{"rendered":"<p>Soutenez le d\u00e9veloppement et la maintenance d'\u00e9quipements de surveillance avanc\u00e9s, tels que <strong>drones<\/strong>, <strong>webcams<\/strong>, et <strong>notre prochaine application mobile, \u00ab Sargapp\u00ae \u00bb.<\/strong><\/p>\n<p>Votre don permet de suivre et de combattre la propagation des sargasses tout en incitant le public \u00e0 agir en temps r\u00e9el en faveur de l'environnement.<\/p>","protected":false},"featured_media":248,"template":"","meta":{"_uag_custom_page_level_css":"","site-sidebar-layout":"default","site-content-layout":"","ast-site-content-layout":"default","site-content-style":"default","site-sidebar-style":"default","ast-global-header-display":"","ast-banner-title-visibility":"","ast-main-header-display":"","ast-hfb-above-header-display":"","ast-hfb-below-header-display":"","ast-hfb-mobile-header-display":"","site-post-title":"","ast-breadcrumbs-content":"","ast-featured-img":"","footer-sml-layout":"","theme-transparent-header-meta":"default","adv-header-id-meta":"","stick-header-meta":"","header-above-stick-meta":"","header-main-stick-meta":"","header-below-stick-meta":"","astra-migrate-meta-layouts":"set","ast-page-background-enabled":"default","ast-page-background-meta":{"desktop":{"background-color":"var(--ast-global-color-5)","background-image":"","background-repeat":"repeat","background-position":"center center","background-size":"auto","background-attachment":"scroll","background-type":"","background-media":"","overlay-type":"","overlay-color":"","overlay-opacity":"","overlay-gradient":""},"tablet":{"background-color":"","background-image":"","background-repeat":"repeat","background-position":"center center","background-size":"auto","background-attachment":"scroll","background-type":"","background-media":"","overlay-type":"","overlay-color":"","overlay-opacity":"","overlay-gradient":""},"mobile":{"background-color":"","background-image":"","background-repeat":"repeat","background-position":"center center","background-size":"auto","background-attachment":"scroll","background-type":"","background-media":"","overlay-type":"","overlay-color":"","overlay-opacity":"","overlay-gradient":""}},"ast-content-background-meta":{"desktop":{"background-color":"var(--ast-global-color-4)","background-image":"","background-repeat":"repeat","background-position":"center center","background-size":"auto","background-attachment":"scroll","background-type":"","background-media":"","overlay-type":"","overlay-color":"","overlay-opacity":"","overlay-gradient":""},"tablet":{"background-color":"var(--ast-global-color-4)","background-image":"","background-repeat":"repeat","background-position":"center center","background-size":"auto","background-attachment":"scroll","background-type":"","background-media":"","overlay-type":"","overlay-color":"","overlay-opacity":"","overlay-gradient":""},"mobile":{"background-color":"var(--ast-global-color-4)","background-image":"","background-repeat":"repeat","background-position":"center center","background-size":"auto","background-attachment":"scroll","background-type":"","background-media":"","overlay-type":"","overlay-color":"","overlay-opacity":"","overlay-gradient":""}}},"product_brand":[],"product_cat":[16],"product_tag":[20,28,30],"class_list":{"0":"post-246","1":"product","2":"type-product","3":"status-publish","4":"has-post-thumbnail","6":"product_cat-choice-of-donations","7":"product_tag-donate","8":"product_tag-donations","9":"product_tag-smart-tools-for-monitoring","10":"desktop-align-left","11":"tablet-align-left","12":"mobile-align-left","14":"first","15":"instock","16":"virtual","17":"purchasable","18":"product-type-simple"},"yoast_head":"<!-- This site is optimized with the Yoast SEO plugin v27.5 - https:\/\/yoast.com\/product\/yoast-seo-wordpress\/ -->\n<title>Fund Smart Tools for Sargassum Monitoring - Sargassum Monitoring<\/title>\n<meta name=\"description\" content=\"Support the development and maintenance of advanced monitoring equipment, such as drones, webcams, and our upcoming mobile app, &quot;Sargapp\u00ae&quot;Your donation helps track and combat the spread of sargassum while engaging the public in real-time environmental action.\" \/>\n<meta name=\"robots\" content=\"index, follow, max-snippet:-1, max-image-preview:large, max-video-preview:-1\" \/>\n<link rel=\"canonical\" href=\"https:\/\/sargassummonitoring.org\/fr\/produit\/fund-smart-tools-for-sargassum-monitoring\/\" \/>\n<meta property=\"og:locale\" content=\"fr_FR\" \/>\n<meta property=\"og:type\" content=\"article\" \/>\n<meta property=\"og:title\" content=\"Fund Smart Tools for Sargassum Monitoring - Sargassum Monitoring\" \/>\n<meta property=\"og:description\" content=\"Support the development and maintenance of advanced monitoring equipment, such as drones, webcams, and our upcoming mobile app, &quot;Sargapp\u00ae&quot;Your donation helps track and combat the spread of sargassum while engaging the public in real-time environmental action.\" \/>\n<meta property=\"og:url\" content=\"https:\/\/sargassummonitoring.org\/fr\/produit\/fund-smart-tools-for-sargassum-monitoring\/\" \/>\n<meta property=\"og:site_name\" content=\"Sargassum Monitoring\" \/>\n<meta property=\"article:modified_time\" content=\"2025-02-18T22:06:06+00:00\" \/>\n<meta property=\"og:image\" content=\"https:\/\/sargassummonitoring.org\/wp-content\/uploads\/2025\/01\/sargassum-Monitoring-materials-donations.webp\" \/>\n\t<meta property=\"og:image:width\" content=\"1024\" \/>\n\t<meta property=\"og:image:height\" content=\"1024\" \/>\n\t<meta property=\"og:image:type\" content=\"image\/webp\" \/>\n<meta name=\"twitter:card\" content=\"summary_large_image\" \/>\n<meta name=\"twitter:label1\" content=\"Dur\u00e9e de lecture estim\u00e9e\" \/>\n\t<meta name=\"twitter:data1\" content=\"2 minutes\" \/>\n<script type=\"application\/ld+json\" class=\"yoast-schema-graph\">{\"@context\":\"https:\\\/\\\/schema.org\",\"@graph\":[{\"@type\":\"WebPage\",\"@id\":\"https:\\\/\\\/sargassummonitoring.org\\\/produit\\\/fund-smart-tools-for-sargassum-monitoring\\\/\",\"url\":\"https:\\\/\\\/sargassummonitoring.org\\\/produit\\\/fund-smart-tools-for-sargassum-monitoring\\\/\",\"name\":\"Fund Smart Tools for Sargassum Monitoring - Sargassum Monitoring\",\"isPartOf\":{\"@id\":\"https:\\\/\\\/sargassummonitoring.org\\\/#website\"},\"primaryImageOfPage\":{\"@id\":\"https:\\\/\\\/sargassummonitoring.org\\\/produit\\\/fund-smart-tools-for-sargassum-monitoring\\\/#primaryimage\"},\"image\":{\"@id\":\"https:\\\/\\\/sargassummonitoring.org\\\/produit\\\/fund-smart-tools-for-sargassum-monitoring\\\/#primaryimage\"},\"thumbnailUrl\":\"https:\\\/\\\/sargassummonitoring.org\\\/wp-content\\\/uploads\\\/2025\\\/01\\\/sargassum-Monitoring-materials-donations.webp\",\"datePublished\":\"2025-01-11T23:24:17+00:00\",\"dateModified\":\"2025-02-18T22:06:06+00:00\",\"description\":\"Support the development and maintenance of advanced monitoring equipment, such as drones, webcams, and our upcoming mobile app, \\\"Sargapp\u00ae\\\"Your donation helps track and combat the spread of sargassum while engaging the public in real-time environmental action.\",\"breadcrumb\":{\"@id\":\"https:\\\/\\\/sargassummonitoring.org\\\/produit\\\/fund-smart-tools-for-sargassum-monitoring\\\/#breadcrumb\"},\"inLanguage\":\"fr-FR\",\"potentialAction\":[{\"@type\":\"ReadAction\",\"target\":[\"https:\\\/\\\/sargassummonitoring.org\\\/produit\\\/fund-smart-tools-for-sargassum-monitoring\\\/\"]}]},{\"@type\":\"ImageObject\",\"inLanguage\":\"fr-FR\",\"@id\":\"https:\\\/\\\/sargassummonitoring.org\\\/produit\\\/fund-smart-tools-for-sargassum-monitoring\\\/#primaryimage\",\"url\":\"https:\\\/\\\/sargassummonitoring.org\\\/wp-content\\\/uploads\\\/2025\\\/01\\\/sargassum-Monitoring-materials-donations.webp\",\"contentUrl\":\"https:\\\/\\\/sargassummonitoring.org\\\/wp-content\\\/uploads\\\/2025\\\/01\\\/sargassum-Monitoring-materials-donations.webp\",\"width\":1024,\"height\":1024},{\"@type\":\"BreadcrumbList\",\"@id\":\"https:\\\/\\\/sargassummonitoring.org\\\/produit\\\/fund-smart-tools-for-sargassum-monitoring\\\/#breadcrumb\",\"itemListElement\":[{\"@type\":\"ListItem\",\"position\":1,\"name\":\"Home\",\"item\":\"https:\\\/\\\/sargassummonitoring.org\\\/en\\\/\"},{\"@type\":\"ListItem\",\"position\":2,\"name\":\"Home\",\"item\":\"https:\\\/\\\/sargassummonitoring.org\\\/en\\\/\"},{\"@type\":\"ListItem\",\"position\":3,\"name\":\"Fund Smart Tools for Sargassum Monitoring\"}]},{\"@type\":\"WebSite\",\"@id\":\"https:\\\/\\\/sargassummonitoring.org\\\/#website\",\"url\":\"https:\\\/\\\/sargassummonitoring.org\\\/\",\"name\":\"Sargassum Monitoring\",\"description\":\"\",\"publisher\":{\"@id\":\"https:\\\/\\\/sargassummonitoring.org\\\/#organization\"},\"potentialAction\":[{\"@type\":\"SearchAction\",\"target\":{\"@type\":\"EntryPoint\",\"urlTemplate\":\"https:\\\/\\\/sargassummonitoring.org\\\/?s={search_term_string}\"},\"query-input\":{\"@type\":\"PropertyValueSpecification\",\"valueRequired\":true,\"valueName\":\"search_term_string\"}}],\"inLanguage\":\"fr-FR\"},{\"@type\":\"Organization\",\"@id\":\"https:\\\/\\\/sargassummonitoring.org\\\/#organization\",\"name\":\"Sargassum Monitoring\",\"url\":\"https:\\\/\\\/sargassummonitoring.org\\\/\",\"logo\":{\"@type\":\"ImageObject\",\"inLanguage\":\"fr-FR\",\"@id\":\"https:\\\/\\\/sargassummonitoring.org\\\/#\\\/schema\\\/logo\\\/image\\\/\",\"url\":\"https:\\\/\\\/sargassummonitoring.org\\\/wp-content\\\/uploads\\\/2025\\\/01\\\/01-sargassum-monitoring-400-rond.png\",\"contentUrl\":\"https:\\\/\\\/sargassummonitoring.org\\\/wp-content\\\/uploads\\\/2025\\\/01\\\/01-sargassum-monitoring-400-rond.png\",\"width\":400,\"height\":400,\"caption\":\"Sargassum Monitoring\"},\"image\":{\"@id\":\"https:\\\/\\\/sargassummonitoring.org\\\/#\\\/schema\\\/logo\\\/image\\\/\"}}]}<\/script>\n<!-- \/ Yoast SEO plugin. -->","yoast_head_json":{"title":"Fund Smart Tools for Sargassum Monitoring - Sargassum Monitoring","description":"Support the development and maintenance of advanced monitoring equipment, such as drones, webcams, and our upcoming mobile app, \"Sargapp\u00ae\"Your donation helps track and combat the spread of sargassum while engaging the public in real-time environmental action.","robots":{"index":"index","follow":"follow","max-snippet":"max-snippet:-1","max-image-preview":"max-image-preview:large","max-video-preview":"max-video-preview:-1"},"canonical":"https:\/\/sargassummonitoring.org\/fr\/produit\/fund-smart-tools-for-sargassum-monitoring\/","og_locale":"fr_FR","og_type":"article","og_title":"Fund Smart Tools for Sargassum Monitoring - Sargassum Monitoring","og_description":"Support the development and maintenance of advanced monitoring equipment, such as drones, webcams, and our upcoming mobile app, \"Sargapp\u00ae\"Your donation helps track and combat the spread of sargassum while engaging the public in real-time environmental action.","og_url":"https:\/\/sargassummonitoring.org\/fr\/produit\/fund-smart-tools-for-sargassum-monitoring\/","og_site_name":"Sargassum Monitoring","article_modified_time":"2025-02-18T22:06:06+00:00","og_image":[{"width":1024,"height":1024,"url":"https:\/\/sargassummonitoring.org\/wp-content\/uploads\/2025\/01\/sargassum-Monitoring-materials-donations.webp","type":"image\/webp"}],"twitter_card":"summary_large_image","twitter_misc":{"Dur\u00e9e de lecture estim\u00e9e":"2 minutes"},"schema":{"@context":"https:\/\/schema.org","@graph":[{"@type":"WebPage","@id":"https:\/\/sargassummonitoring.org\/produit\/fund-smart-tools-for-sargassum-monitoring\/","url":"https:\/\/sargassummonitoring.org\/produit\/fund-smart-tools-for-sargassum-monitoring\/","name":"Fund Smart Tools for Sargassum Monitoring - Sargassum Monitoring","isPartOf":{"@id":"https:\/\/sargassummonitoring.org\/#website"},"primaryImageOfPage":{"@id":"https:\/\/sargassummonitoring.org\/produit\/fund-smart-tools-for-sargassum-monitoring\/#primaryimage"},"image":{"@id":"https:\/\/sargassummonitoring.org\/produit\/fund-smart-tools-for-sargassum-monitoring\/#primaryimage"},"thumbnailUrl":"https:\/\/sargassummonitoring.org\/wp-content\/uploads\/2025\/01\/sargassum-Monitoring-materials-donations.webp","datePublished":"2025-01-11T23:24:17+00:00","dateModified":"2025-02-18T22:06:06+00:00","description":"Support the development and maintenance of advanced monitoring equipment, such as drones, webcams, and our upcoming mobile app, \"Sargapp\u00ae\"Your donation helps track and combat the spread of sargassum while engaging the public in real-time environmental action.","breadcrumb":{"@id":"https:\/\/sargassummonitoring.org\/produit\/fund-smart-tools-for-sargassum-monitoring\/#breadcrumb"},"inLanguage":"fr-FR","potentialAction":[{"@type":"ReadAction","target":["https:\/\/sargassummonitoring.org\/produit\/fund-smart-tools-for-sargassum-monitoring\/"]}]},{"@type":"ImageObject","inLanguage":"fr-FR","@id":"https:\/\/sargassummonitoring.org\/produit\/fund-smart-tools-for-sargassum-monitoring\/#primaryimage","url":"https:\/\/sargassummonitoring.org\/wp-content\/uploads\/2025\/01\/sargassum-Monitoring-materials-donations.webp","contentUrl":"https:\/\/sargassummonitoring.org\/wp-content\/uploads\/2025\/01\/sargassum-Monitoring-materials-donations.webp","width":1024,"height":1024},{"@type":"BreadcrumbList","@id":"https:\/\/sargassummonitoring.org\/produit\/fund-smart-tools-for-sargassum-monitoring\/#breadcrumb","itemListElement":[{"@type":"ListItem","position":1,"name":"Home","item":"https:\/\/sargassummonitoring.org\/en\/"},{"@type":"ListItem","position":2,"name":"Home","item":"https:\/\/sargassummonitoring.org\/en\/"},{"@type":"ListItem","position":3,"name":"Fund Smart Tools for Sargassum Monitoring"}]},{"@type":"WebSite","@id":"https:\/\/sargassummonitoring.org\/#website","url":"https:\/\/sargassummonitoring.org\/","name":"Sargassum Monitoring","description":"","publisher":{"@id":"https:\/\/sargassummonitoring.org\/#organization"},"potentialAction":[{"@type":"SearchAction","target":{"@type":"EntryPoint","urlTemplate":"https:\/\/sargassummonitoring.org\/?s={search_term_string}"},"query-input":{"@type":"PropertyValueSpecification","valueRequired":true,"valueName":"search_term_string"}}],"inLanguage":"fr-FR"},{"@type":"Organization","@id":"https:\/\/sargassummonitoring.org\/#organization","name":"Sargassum Monitoring","url":"https:\/\/sargassummonitoring.org\/","logo":{"@type":"ImageObject","inLanguage":"fr-FR","@id":"https:\/\/sargassummonitoring.org\/#\/schema\/logo\/image\/","url":"https:\/\/sargassummonitoring.org\/wp-content\/uploads\/2025\/01\/01-sargassum-monitoring-400-rond.png","contentUrl":"https:\/\/sargassummonitoring.org\/wp-content\/uploads\/2025\/01\/01-sargassum-monitoring-400-rond.png","width":400,"height":400,"caption":"Sargassum Monitoring"},"image":{"@id":"https:\/\/sargassummonitoring.org\/#\/schema\/logo\/image\/"}}]}},"uagb_featured_image_src":{"full":["https:\/\/sargassummonitoring.org\/wp-content\/uploads\/2025\/01\/sargassum-Monitoring-materials-donations.webp",1024,1024,false],"thumbnail":["https:\/\/sargassummonitoring.org\/wp-content\/uploads\/2025\/01\/sargassum-Monitoring-materials-donations-150x150.webp",150,150,true],"medium":["https:\/\/sargassummonitoring.org\/wp-content\/uploads\/2025\/01\/sargassum-Monitoring-materials-donations-300x300.webp",300,300,true],"medium_large":["https:\/\/sargassummonitoring.org\/wp-content\/uploads\/2025\/01\/sargassum-Monitoring-materials-donations-768x768.webp",768,768,true],"large":["https:\/\/sargassummonitoring.org\/wp-content\/uploads\/2025\/01\/sargassum-Monitoring-materials-donations.webp",1024,1024,false],"1536x1536":["https:\/\/sargassummonitoring.org\/wp-content\/uploads\/2025\/01\/sargassum-Monitoring-materials-donations.webp",1024,1024,false],"2048x2048":["https:\/\/sargassummonitoring.org\/wp-content\/uploads\/2025\/01\/sargassum-Monitoring-materials-donations.webp",1024,1024,false],"trp-custom-language-flag":["https:\/\/sargassummonitoring.org\/wp-content\/uploads\/2025\/01\/sargassum-Monitoring-materials-donations.webp",12,12,false],"woocommerce_thumbnail":["https:\/\/sargassummonitoring.org\/wp-content\/uploads\/2025\/01\/sargassum-Monitoring-materials-donations-300x300.webp",300,300,true],"woocommerce_single":["https:\/\/sargassummonitoring.org\/wp-content\/uploads\/2025\/01\/sargassum-Monitoring-materials-donations-600x600.webp",600,600,true],"woocommerce_gallery_thumbnail":["https:\/\/sargassummonitoring.org\/wp-content\/uploads\/2025\/01\/sargassum-Monitoring-materials-donations-100x100.webp",100,100,true]},"uagb_author_info":{"display_name":"ChrisDenji","author_link":"https:\/\/sargassummonitoring.org\/fr\/author\/"},"uagb_comment_info":0,"uagb_excerpt":"Support the development and maintenance of advanced monitoring equipment, such as drones, webcams, and our upcoming mobile app, \"Sargapp\u00ae\" Your donation helps track and combat the spread of sargassum while engaging the public in real-time environmental action.","_links":{"self":[{"href":"https:\/\/sargassummonitoring.org\/fr\/wp-json\/wp\/v2\/product\/246","targetHints":{"allow":["GET"]}}],"collection":[{"href":"https:\/\/sargassummonitoring.org\/fr\/wp-json\/wp\/v2\/product"}],"about":[{"href":"https:\/\/sargassummonitoring.org\/fr\/wp-json\/wp\/v2\/types\/product"}],"wp:featuredmedia":[{"embeddable":true,"href":"https:\/\/sargassummonitoring.org\/fr\/wp-json\/wp\/v2\/media\/248"}],"wp:attachment":[{"href":"https:\/\/sargassummonitoring.org\/fr\/wp-json\/wp\/v2\/media?parent=246"}],"wp:term":[{"taxonomy":"product_brand","embeddable":true,"href":"https:\/\/sargassummonitoring.org\/fr\/wp-json\/wp\/v2\/product_brand?post=246"},{"taxonomy":"product_cat","embeddable":true,"href":"https:\/\/sargassummonitoring.org\/fr\/wp-json\/wp\/v2\/product_cat?post=246"},{"taxonomy":"product_tag","embeddable":true,"href":"https:\/\/sargassummonitoring.org\/fr\/wp-json\/wp\/v2\/product_tag?post=246"}],"curies":[{"name":"wp","href":"https:\/\/api.w.org\/{rel}","templated":true}]}}