{"id":64,"date":"2025-01-07T13:42:29","date_gmt":"2025-01-07T19:42:29","guid":{"rendered":"https:\/\/sargassummonitoring.org\/?post_type=product&#038;p=64"},"modified":"2025-06-21T18:22:35","modified_gmt":"2025-06-22T00:22:35","slug":"buy-our-team-a-coffee","status":"publish","type":"product","link":"https:\/\/sargassummonitoring.org\/fr\/produit\/buy-our-team-a-coffee\/","title":{"rendered":"Offrez un caf\u00e9 \u00e0 notre \u00e9quipe !"},"content":{"rendered":"<p>Nos b\u00e9n\u00e9voles parcourent les plages, recueillent des donn\u00e9es et capturent des images pour nous aider \u00e0 mieux comprendre et g\u00e9rer l'invasion des sargasses. Mais ces efforts demandent du temps, de l'\u00e9nergie et parfois un peu de confort.<\/p>\n<p>Pour quelques dollars seulement, vous pouvez offrir un caf\u00e9 \u00e0 notre \u00e9quipe et l'aider \u00e0 garder le moral alors qu'elle poursuit son travail acharn\u00e9. Chaque petit don contribue \u00e0 financer les d\u00e9placements, l'\u00e9quipement de terrain et la collecte de donn\u00e9es essentielles \u00e0 la protection de nos c\u00f4tes.<\/p>\n<p>Faites partie de la solution et aidez-nous \u00e0 lutter contre l'invasion des algues Sargasses.<\/p>\n<p><strong>Ensemble, nous faisons la diff\u00e9rence !<\/strong><\/p>","protected":false},"excerpt":{"rendered":"<p>Pour le prix d'un caf\u00e9, vous pouvez soutenir les b\u00e9n\u00e9voles d\u00e9vou\u00e9s qui travaillent sans rel\u00e2che pour documenter et combattre les effets de l'invasion des algues Sargassum. <strong>Chaque petit geste fait la diff\u00e9rence !<\/strong><\/p>","protected":false},"featured_media":65,"template":"","meta":{"_uag_custom_page_level_css":"","site-sidebar-layout":"default","site-content-layout":"","ast-site-content-layout":"default","site-content-style":"default","site-sidebar-style":"default","ast-global-header-display":"","ast-banner-title-visibility":"","ast-main-header-display":"","ast-hfb-above-header-display":"","ast-hfb-below-header-display":"","ast-hfb-mobile-header-display":"","site-post-title":"","ast-breadcrumbs-content":"","ast-featured-img":"","footer-sml-layout":"","theme-transparent-header-meta":"default","adv-header-id-meta":"","stick-header-meta":"","header-above-stick-meta":"","header-main-stick-meta":"","header-below-stick-meta":"","astra-migrate-meta-layouts":"set","ast-page-background-enabled":"default","ast-page-background-meta":{"desktop":{"background-color":"var(--ast-global-color-5)","background-image":"","background-repeat":"repeat","background-position":"center center","background-size":"auto","background-attachment":"scroll","background-type":"","background-media":"","overlay-type":"","overlay-color":"","overlay-opacity":"","overlay-gradient":""},"tablet":{"background-color":"","background-image":"","background-repeat":"repeat","background-position":"center center","background-size":"auto","background-attachment":"scroll","background-type":"","background-media":"","overlay-type":"","overlay-color":"","overlay-opacity":"","overlay-gradient":""},"mobile":{"background-color":"","background-image":"","background-repeat":"repeat","background-position":"center center","background-size":"auto","background-attachment":"scroll","background-type":"","background-media":"","overlay-type":"","overlay-color":"","overlay-opacity":"","overlay-gradient":""}},"ast-content-background-meta":{"desktop":{"background-color":"var(--ast-global-color-4)","background-image":"","background-repeat":"repeat","background-position":"center center","background-size":"auto","background-attachment":"scroll","background-type":"","background-media":"","overlay-type":"","overlay-color":"","overlay-opacity":"","overlay-gradient":""},"tablet":{"background-color":"var(--ast-global-color-4)","background-image":"","background-repeat":"repeat","background-position":"center center","background-size":"auto","background-attachment":"scroll","background-type":"","background-media":"","overlay-type":"","overlay-color":"","overlay-opacity":"","overlay-gradient":""},"mobile":{"background-color":"var(--ast-global-color-4)","background-image":"","background-repeat":"repeat","background-position":"center center","background-size":"auto","background-attachment":"scroll","background-type":"","background-media":"","overlay-type":"","overlay-color":"","overlay-opacity":"","overlay-gradient":""}}},"product_brand":[],"product_cat":[16],"product_tag":[18,20,28],"class_list":{"0":"post-64","1":"product","2":"type-product","3":"status-publish","4":"has-post-thumbnail","6":"product_cat-choice-of-donations","7":"product_tag-coffee","8":"product_tag-donate","9":"product_tag-donations","10":"desktop-align-left","11":"tablet-align-left","12":"mobile-align-left","14":"first","15":"instock","16":"virtual","17":"purchasable","18":"product-type-simple"},"yoast_head":"<!-- This site is optimized with the Yoast SEO plugin v27.5 - https:\/\/yoast.com\/product\/yoast-seo-wordpress\/ -->\n<title>Buy our team a coffee ! - Sargassum Monitoring<\/title>\n<meta name=\"description\" content=\"Buy our team a coffee, for just a few dollars, you can buy our team a coffee and help keep their spirits high as they continue their hard work.\" \/>\n<meta name=\"robots\" content=\"index, follow, max-snippet:-1, max-image-preview:large, max-video-preview:-1\" \/>\n<link rel=\"canonical\" href=\"https:\/\/sargassummonitoring.org\/fr\/produit\/buy-our-team-a-coffee\/\" \/>\n<meta property=\"og:locale\" content=\"fr_FR\" \/>\n<meta property=\"og:type\" content=\"article\" \/>\n<meta property=\"og:title\" content=\"Buy our team a coffee ! - Sargassum Monitoring\" \/>\n<meta property=\"og:description\" content=\"Buy our team a coffee, for just a few dollars, you can buy our team a coffee and help keep their spirits high as they continue their hard work.\" \/>\n<meta property=\"og:url\" content=\"https:\/\/sargassummonitoring.org\/fr\/produit\/buy-our-team-a-coffee\/\" \/>\n<meta property=\"og:site_name\" content=\"Sargassum Monitoring\" \/>\n<meta property=\"article:modified_time\" content=\"2025-06-22T00:22:35+00:00\" \/>\n<meta property=\"og:image\" content=\"https:\/\/sargassummonitoring.org\/wp-content\/uploads\/2025\/01\/coffee-cup-sargassum-monitoring.webp\" \/>\n\t<meta property=\"og:image:width\" content=\"1024\" \/>\n\t<meta property=\"og:image:height\" content=\"1024\" \/>\n\t<meta property=\"og:image:type\" content=\"image\/webp\" \/>\n<meta name=\"twitter:card\" content=\"summary_large_image\" \/>\n<meta name=\"twitter:label1\" content=\"Dur\u00e9e de lecture estim\u00e9e\" \/>\n\t<meta name=\"twitter:data1\" content=\"1 minute\" \/>\n<script type=\"application\/ld+json\" class=\"yoast-schema-graph\">{\"@context\":\"https:\\\/\\\/schema.org\",\"@graph\":[{\"@type\":\"WebPage\",\"@id\":\"https:\\\/\\\/sargassummonitoring.org\\\/produit\\\/buy-our-team-a-coffee\\\/\",\"url\":\"https:\\\/\\\/sargassummonitoring.org\\\/produit\\\/buy-our-team-a-coffee\\\/\",\"name\":\"Buy our team a coffee ! - Sargassum Monitoring\",\"isPartOf\":{\"@id\":\"https:\\\/\\\/sargassummonitoring.org\\\/#website\"},\"primaryImageOfPage\":{\"@id\":\"https:\\\/\\\/sargassummonitoring.org\\\/produit\\\/buy-our-team-a-coffee\\\/#primaryimage\"},\"image\":{\"@id\":\"https:\\\/\\\/sargassummonitoring.org\\\/produit\\\/buy-our-team-a-coffee\\\/#primaryimage\"},\"thumbnailUrl\":\"https:\\\/\\\/sargassummonitoring.org\\\/wp-content\\\/uploads\\\/2025\\\/01\\\/coffee-cup-sargassum-monitoring.webp\",\"datePublished\":\"2025-01-07T19:42:29+00:00\",\"dateModified\":\"2025-06-22T00:22:35+00:00\",\"description\":\"Buy our team a coffee, for just a few dollars, you can buy our team a coffee and help keep their spirits high as they continue their hard work.\",\"breadcrumb\":{\"@id\":\"https:\\\/\\\/sargassummonitoring.org\\\/produit\\\/buy-our-team-a-coffee\\\/#breadcrumb\"},\"inLanguage\":\"fr-FR\",\"potentialAction\":[{\"@type\":\"ReadAction\",\"target\":[\"https:\\\/\\\/sargassummonitoring.org\\\/produit\\\/buy-our-team-a-coffee\\\/\"]}]},{\"@type\":\"ImageObject\",\"inLanguage\":\"fr-FR\",\"@id\":\"https:\\\/\\\/sargassummonitoring.org\\\/produit\\\/buy-our-team-a-coffee\\\/#primaryimage\",\"url\":\"https:\\\/\\\/sargassummonitoring.org\\\/wp-content\\\/uploads\\\/2025\\\/01\\\/coffee-cup-sargassum-monitoring.webp\",\"contentUrl\":\"https:\\\/\\\/sargassummonitoring.org\\\/wp-content\\\/uploads\\\/2025\\\/01\\\/coffee-cup-sargassum-monitoring.webp\",\"width\":1024,\"height\":1024,\"caption\":\"Buy our team a coffee, for just a few dollars and help keep their spirits high.\"},{\"@type\":\"BreadcrumbList\",\"@id\":\"https:\\\/\\\/sargassummonitoring.org\\\/produit\\\/buy-our-team-a-coffee\\\/#breadcrumb\",\"itemListElement\":[{\"@type\":\"ListItem\",\"position\":1,\"name\":\"Home\",\"item\":\"https:\\\/\\\/sargassummonitoring.org\\\/en\\\/\"},{\"@type\":\"ListItem\",\"position\":2,\"name\":\"Home\",\"item\":\"https:\\\/\\\/sargassummonitoring.org\\\/en\\\/\"},{\"@type\":\"ListItem\",\"position\":3,\"name\":\"Buy our team a coffee !\"}]},{\"@type\":\"WebSite\",\"@id\":\"https:\\\/\\\/sargassummonitoring.org\\\/#website\",\"url\":\"https:\\\/\\\/sargassummonitoring.org\\\/\",\"name\":\"Sargassum Monitoring\",\"description\":\"\",\"publisher\":{\"@id\":\"https:\\\/\\\/sargassummonitoring.org\\\/#organization\"},\"potentialAction\":[{\"@type\":\"SearchAction\",\"target\":{\"@type\":\"EntryPoint\",\"urlTemplate\":\"https:\\\/\\\/sargassummonitoring.org\\\/?s={search_term_string}\"},\"query-input\":{\"@type\":\"PropertyValueSpecification\",\"valueRequired\":true,\"valueName\":\"search_term_string\"}}],\"inLanguage\":\"fr-FR\"},{\"@type\":\"Organization\",\"@id\":\"https:\\\/\\\/sargassummonitoring.org\\\/#organization\",\"name\":\"Sargassum Monitoring\",\"url\":\"https:\\\/\\\/sargassummonitoring.org\\\/\",\"logo\":{\"@type\":\"ImageObject\",\"inLanguage\":\"fr-FR\",\"@id\":\"https:\\\/\\\/sargassummonitoring.org\\\/#\\\/schema\\\/logo\\\/image\\\/\",\"url\":\"https:\\\/\\\/sargassummonitoring.org\\\/wp-content\\\/uploads\\\/2025\\\/01\\\/01-sargassum-monitoring-400-rond.png\",\"contentUrl\":\"https:\\\/\\\/sargassummonitoring.org\\\/wp-content\\\/uploads\\\/2025\\\/01\\\/01-sargassum-monitoring-400-rond.png\",\"width\":400,\"height\":400,\"caption\":\"Sargassum Monitoring\"},\"image\":{\"@id\":\"https:\\\/\\\/sargassummonitoring.org\\\/#\\\/schema\\\/logo\\\/image\\\/\"}}]}<\/script>\n<!-- \/ Yoast SEO plugin. -->","yoast_head_json":{"title":"Buy our team a coffee ! - Sargassum Monitoring","description":"Buy our team a coffee, for just a few dollars, you can buy our team a coffee and help keep their spirits high as they continue their hard work.","robots":{"index":"index","follow":"follow","max-snippet":"max-snippet:-1","max-image-preview":"max-image-preview:large","max-video-preview":"max-video-preview:-1"},"canonical":"https:\/\/sargassummonitoring.org\/fr\/produit\/buy-our-team-a-coffee\/","og_locale":"fr_FR","og_type":"article","og_title":"Buy our team a coffee ! - Sargassum Monitoring","og_description":"Buy our team a coffee, for just a few dollars, you can buy our team a coffee and help keep their spirits high as they continue their hard work.","og_url":"https:\/\/sargassummonitoring.org\/fr\/produit\/buy-our-team-a-coffee\/","og_site_name":"Sargassum Monitoring","article_modified_time":"2025-06-22T00:22:35+00:00","og_image":[{"width":1024,"height":1024,"url":"https:\/\/sargassummonitoring.org\/wp-content\/uploads\/2025\/01\/coffee-cup-sargassum-monitoring.webp","type":"image\/webp"}],"twitter_card":"summary_large_image","twitter_misc":{"Dur\u00e9e de lecture estim\u00e9e":"1 minute"},"schema":{"@context":"https:\/\/schema.org","@graph":[{"@type":"WebPage","@id":"https:\/\/sargassummonitoring.org\/produit\/buy-our-team-a-coffee\/","url":"https:\/\/sargassummonitoring.org\/produit\/buy-our-team-a-coffee\/","name":"Buy our team a coffee ! - Sargassum Monitoring","isPartOf":{"@id":"https:\/\/sargassummonitoring.org\/#website"},"primaryImageOfPage":{"@id":"https:\/\/sargassummonitoring.org\/produit\/buy-our-team-a-coffee\/#primaryimage"},"image":{"@id":"https:\/\/sargassummonitoring.org\/produit\/buy-our-team-a-coffee\/#primaryimage"},"thumbnailUrl":"https:\/\/sargassummonitoring.org\/wp-content\/uploads\/2025\/01\/coffee-cup-sargassum-monitoring.webp","datePublished":"2025-01-07T19:42:29+00:00","dateModified":"2025-06-22T00:22:35+00:00","description":"Buy our team a coffee, for just a few dollars, you can buy our team a coffee and help keep their spirits high as they continue their hard work.","breadcrumb":{"@id":"https:\/\/sargassummonitoring.org\/produit\/buy-our-team-a-coffee\/#breadcrumb"},"inLanguage":"fr-FR","potentialAction":[{"@type":"ReadAction","target":["https:\/\/sargassummonitoring.org\/produit\/buy-our-team-a-coffee\/"]}]},{"@type":"ImageObject","inLanguage":"fr-FR","@id":"https:\/\/sargassummonitoring.org\/produit\/buy-our-team-a-coffee\/#primaryimage","url":"https:\/\/sargassummonitoring.org\/wp-content\/uploads\/2025\/01\/coffee-cup-sargassum-monitoring.webp","contentUrl":"https:\/\/sargassummonitoring.org\/wp-content\/uploads\/2025\/01\/coffee-cup-sargassum-monitoring.webp","width":1024,"height":1024,"caption":"Buy our team a coffee, for just a few dollars and help keep their spirits high."},{"@type":"BreadcrumbList","@id":"https:\/\/sargassummonitoring.org\/produit\/buy-our-team-a-coffee\/#breadcrumb","itemListElement":[{"@type":"ListItem","position":1,"name":"Home","item":"https:\/\/sargassummonitoring.org\/en\/"},{"@type":"ListItem","position":2,"name":"Home","item":"https:\/\/sargassummonitoring.org\/en\/"},{"@type":"ListItem","position":3,"name":"Buy our team a coffee !"}]},{"@type":"WebSite","@id":"https:\/\/sargassummonitoring.org\/#website","url":"https:\/\/sargassummonitoring.org\/","name":"Sargassum Monitoring","description":"","publisher":{"@id":"https:\/\/sargassummonitoring.org\/#organization"},"potentialAction":[{"@type":"SearchAction","target":{"@type":"EntryPoint","urlTemplate":"https:\/\/sargassummonitoring.org\/?s={search_term_string}"},"query-input":{"@type":"PropertyValueSpecification","valueRequired":true,"valueName":"search_term_string"}}],"inLanguage":"fr-FR"},{"@type":"Organization","@id":"https:\/\/sargassummonitoring.org\/#organization","name":"Sargassum Monitoring","url":"https:\/\/sargassummonitoring.org\/","logo":{"@type":"ImageObject","inLanguage":"fr-FR","@id":"https:\/\/sargassummonitoring.org\/#\/schema\/logo\/image\/","url":"https:\/\/sargassummonitoring.org\/wp-content\/uploads\/2025\/01\/01-sargassum-monitoring-400-rond.png","contentUrl":"https:\/\/sargassummonitoring.org\/wp-content\/uploads\/2025\/01\/01-sargassum-monitoring-400-rond.png","width":400,"height":400,"caption":"Sargassum Monitoring"},"image":{"@id":"https:\/\/sargassummonitoring.org\/#\/schema\/logo\/image\/"}}]}},"uagb_featured_image_src":{"full":["https:\/\/sargassummonitoring.org\/wp-content\/uploads\/2025\/01\/coffee-cup-sargassum-monitoring.webp",1024,1024,false],"thumbnail":["https:\/\/sargassummonitoring.org\/wp-content\/uploads\/2025\/01\/coffee-cup-sargassum-monitoring-150x150.webp",150,150,true],"medium":["https:\/\/sargassummonitoring.org\/wp-content\/uploads\/2025\/01\/coffee-cup-sargassum-monitoring-300x300.webp",300,300,true],"medium_large":["https:\/\/sargassummonitoring.org\/wp-content\/uploads\/2025\/01\/coffee-cup-sargassum-monitoring-768x768.webp",768,768,true],"large":["https:\/\/sargassummonitoring.org\/wp-content\/uploads\/2025\/01\/coffee-cup-sargassum-monitoring.webp",1024,1024,false],"1536x1536":["https:\/\/sargassummonitoring.org\/wp-content\/uploads\/2025\/01\/coffee-cup-sargassum-monitoring.webp",1024,1024,false],"2048x2048":["https:\/\/sargassummonitoring.org\/wp-content\/uploads\/2025\/01\/coffee-cup-sargassum-monitoring.webp",1024,1024,false],"trp-custom-language-flag":["https:\/\/sargassummonitoring.org\/wp-content\/uploads\/2025\/01\/coffee-cup-sargassum-monitoring.webp",12,12,false],"woocommerce_thumbnail":["https:\/\/sargassummonitoring.org\/wp-content\/uploads\/2025\/01\/coffee-cup-sargassum-monitoring-300x300.webp",300,300,true],"woocommerce_single":["https:\/\/sargassummonitoring.org\/wp-content\/uploads\/2025\/01\/coffee-cup-sargassum-monitoring-600x600.webp",600,600,true],"woocommerce_gallery_thumbnail":["https:\/\/sargassummonitoring.org\/wp-content\/uploads\/2025\/01\/coffee-cup-sargassum-monitoring-100x100.webp",100,100,true]},"uagb_author_info":{"display_name":"ChrisDenji","author_link":"https:\/\/sargassummonitoring.org\/fr\/author\/"},"uagb_comment_info":0,"uagb_excerpt":"For the price of a coffee, you can support the dedicated volunteers tirelessly working to document and combat the effects of the Sargassum seaweed invasion. Every small gesture makes a difference !","_links":{"self":[{"href":"https:\/\/sargassummonitoring.org\/fr\/wp-json\/wp\/v2\/product\/64","targetHints":{"allow":["GET"]}}],"collection":[{"href":"https:\/\/sargassummonitoring.org\/fr\/wp-json\/wp\/v2\/product"}],"about":[{"href":"https:\/\/sargassummonitoring.org\/fr\/wp-json\/wp\/v2\/types\/product"}],"wp:featuredmedia":[{"embeddable":true,"href":"https:\/\/sargassummonitoring.org\/fr\/wp-json\/wp\/v2\/media\/65"}],"wp:attachment":[{"href":"https:\/\/sargassummonitoring.org\/fr\/wp-json\/wp\/v2\/media?parent=64"}],"wp:term":[{"taxonomy":"product_brand","embeddable":true,"href":"https:\/\/sargassummonitoring.org\/fr\/wp-json\/wp\/v2\/product_brand?post=64"},{"taxonomy":"product_cat","embeddable":true,"href":"https:\/\/sargassummonitoring.org\/fr\/wp-json\/wp\/v2\/product_cat?post=64"},{"taxonomy":"product_tag","embeddable":true,"href":"https:\/\/sargassummonitoring.org\/fr\/wp-json\/wp\/v2\/product_tag?post=64"}],"curies":[{"name":"wp","href":"https:\/\/api.w.org\/{rel}","templated":true}]}}